{"id":39632,"date":"2025-06-14T02:01:19","date_gmt":"2025-06-13T23:01:19","guid":{"rendered":"https:\/\/busparts.ee\/product\/schlauch-fur-kuhlflussigkeit-5-8-l1200-10-mm\/"},"modified":"2026-04-13T08:59:20","modified_gmt":"2026-04-13T05:59:20","slug":"schlauch-fur-kuhlflussigkeit-5-8-l1200-10-mm","status":"publish","type":"product","link":"https:\/\/busparts.ee\/en\/toode\/schlauch-fur-kuhlflussigkeit-5-8-l1200-10-mm\/","title":{"rendered":"Schlauch f\u00fcr K\u00fchlfl\u00fcssigkeit 5\/8 &#8211; L1200 (+\/-10 mm)"},"content":{"rendered":"","protected":false},"excerpt":{"rendered":"","protected":false},"featured_media":39626,"template":"","meta":{"_gspb_post_css":""},"product_brand":[],"product_cat":[5583],"product_tag":[],"class_list":{"0":"post-39632","1":"product","2":"type-product","3":"status-publish","4":"has-post-thumbnail","6":"product_cat-valeo-spheros","7":"pa_brand-spheros","9":"first","10":"onbackorder","11":"taxable","12":"shipping-taxable","13":"purchasable","14":"product-type-simple"},"_links":{"self":[{"href":"https:\/\/busparts.ee\/en\/wp-json\/wp\/v2\/product\/39632","targetHints":{"allow":["GET"]}}],"collection":[{"href":"https:\/\/busparts.ee\/en\/wp-json\/wp\/v2\/product"}],"about":[{"href":"https:\/\/busparts.ee\/en\/wp-json\/wp\/v2\/types\/product"}],"wp:featuredmedia":[{"embeddable":true,"href":"https:\/\/busparts.ee\/en\/wp-json\/wp\/v2\/media\/39626"}],"wp:attachment":[{"href":"https:\/\/busparts.ee\/en\/wp-json\/wp\/v2\/media?parent=39632"}],"wp:term":[{"taxonomy":"product_brand","embeddable":true,"href":"https:\/\/busparts.ee\/en\/wp-json\/wp\/v2\/product_brand?post=39632"},{"taxonomy":"product_cat","embeddable":true,"href":"https:\/\/busparts.ee\/en\/wp-json\/wp\/v2\/product_cat?post=39632"},{"taxonomy":"product_tag","embeddable":true,"href":"https:\/\/busparts.ee\/en\/wp-json\/wp\/v2\/product_tag?post=39632"}],"curies":[{"name":"wp","href":"https:\/\/api.w.org\/{rel}","templated":true}]}}