{"id":40561,"date":"2025-06-14T02:06:30","date_gmt":"2025-06-13T23:06:30","guid":{"rendered":"https:\/\/busparts.ee\/product\/suutevoimendi-24v-v7s\/"},"modified":"2025-12-18T15:06:10","modified_gmt":"2025-12-18T13:06:10","slug":"suutevoimendi-24v-v7s","status":"publish","type":"product","link":"https:\/\/busparts.ee\/en\/toode\/suutevoimendi-24v-v7s\/","title":{"rendered":"S\u00fc\u00fctev\u00f5imendi 24V, V7s"},"content":{"rendered":"","protected":false},"excerpt":{"rendered":"","protected":false},"featured_media":40555,"template":"","meta":{"_gspb_post_css":""},"product_brand":[],"product_cat":[5567],"product_tag":[],"class_list":{"0":"post-40561","1":"product","2":"type-product","3":"status-publish","4":"has-post-thumbnail","6":"product_cat-heating","8":"first","9":"onbackorder","10":"taxable","11":"shipping-taxable","12":"purchasable","13":"product-type-simple"},"_links":{"self":[{"href":"https:\/\/busparts.ee\/en\/wp-json\/wp\/v2\/product\/40561","targetHints":{"allow":["GET"]}}],"collection":[{"href":"https:\/\/busparts.ee\/en\/wp-json\/wp\/v2\/product"}],"about":[{"href":"https:\/\/busparts.ee\/en\/wp-json\/wp\/v2\/types\/product"}],"wp:featuredmedia":[{"embeddable":true,"href":"https:\/\/busparts.ee\/en\/wp-json\/wp\/v2\/media\/40555"}],"wp:attachment":[{"href":"https:\/\/busparts.ee\/en\/wp-json\/wp\/v2\/media?parent=40561"}],"wp:term":[{"taxonomy":"product_brand","embeddable":true,"href":"https:\/\/busparts.ee\/en\/wp-json\/wp\/v2\/product_brand?post=40561"},{"taxonomy":"product_cat","embeddable":true,"href":"https:\/\/busparts.ee\/en\/wp-json\/wp\/v2\/product_cat?post=40561"},{"taxonomy":"product_tag","embeddable":true,"href":"https:\/\/busparts.ee\/en\/wp-json\/wp\/v2\/product_tag?post=40561"}],"curies":[{"name":"wp","href":"https:\/\/api.w.org\/{rel}","templated":true}]}}