{"id":38472,"date":"2025-06-14T01:54:57","date_gmt":"2025-06-13T22:54:57","guid":{"rendered":"https:\/\/busparts.ee\/product\/polv-polemisohule-plastik-20-20mm\/"},"modified":"2025-12-18T15:06:16","modified_gmt":"2025-12-18T13:06:16","slug":"polv-polemisohule-plastik-20-20mm","status":"publish","type":"product","link":"https:\/\/busparts.ee\/lt\/toode\/polv-polemisohule-plastik-20-20mm\/","title":{"rendered":"P\u00f5lv, p\u00f5lemis\u00f5hule, plastik 20\/20mm"},"content":{"rendered":"","protected":false},"excerpt":{"rendered":"","protected":false},"featured_media":38469,"template":"","meta":{"_gspb_post_css":""},"product_brand":[],"product_cat":[5567],"product_tag":[],"class_list":{"0":"post-38472","1":"product","2":"type-product","3":"status-publish","4":"has-post-thumbnail","6":"product_cat-heating","8":"first","9":"onbackorder","10":"taxable","11":"shipping-taxable","12":"purchasable","13":"product-type-simple"},"_links":{"self":[{"href":"https:\/\/busparts.ee\/lt\/wp-json\/wp\/v2\/product\/38472","targetHints":{"allow":["GET"]}}],"collection":[{"href":"https:\/\/busparts.ee\/lt\/wp-json\/wp\/v2\/product"}],"about":[{"href":"https:\/\/busparts.ee\/lt\/wp-json\/wp\/v2\/types\/product"}],"wp:featuredmedia":[{"embeddable":true,"href":"https:\/\/busparts.ee\/lt\/wp-json\/wp\/v2\/media\/38469"}],"wp:attachment":[{"href":"https:\/\/busparts.ee\/lt\/wp-json\/wp\/v2\/media?parent=38472"}],"wp:term":[{"taxonomy":"product_brand","embeddable":true,"href":"https:\/\/busparts.ee\/lt\/wp-json\/wp\/v2\/product_brand?post=38472"},{"taxonomy":"product_cat","embeddable":true,"href":"https:\/\/busparts.ee\/lt\/wp-json\/wp\/v2\/product_cat?post=38472"},{"taxonomy":"product_tag","embeddable":true,"href":"https:\/\/busparts.ee\/lt\/wp-json\/wp\/v2\/product_tag?post=38472"}],"curies":[{"name":"wp","href":"https:\/\/api.w.org\/{rel}","templated":true}]}}