{"id":44540,"date":"2025-06-14T02:27:03","date_gmt":"2025-06-13T23:27:03","guid":{"rendered":"https:\/\/busparts.ee\/product\/schlauch-fur-kuhlflussigkeit\/"},"modified":"2025-12-18T15:11:40","modified_gmt":"2025-12-18T13:11:40","slug":"schlauch-fur-kuhlflussigkeit","status":"publish","type":"product","link":"https:\/\/busparts.ee\/lt\/toode\/schlauch-fur-kuhlflussigkeit\/","title":{"rendered":"Schlauch f\u00fcr K\u00fchlfl\u00fcssigkeit"},"content":{"rendered":"","protected":false},"excerpt":{"rendered":"","protected":false},"featured_media":0,"template":"","meta":{"_gspb_post_css":""},"product_brand":[],"product_cat":[5583],"product_tag":[],"class_list":{"0":"post-44540","1":"product","2":"type-product","3":"status-publish","5":"product_cat-valeo-spheros","6":"pa_brand-spheros","8":"first","9":"onbackorder","10":"taxable","11":"shipping-taxable","12":"purchasable","13":"product-type-simple"},"_links":{"self":[{"href":"https:\/\/busparts.ee\/lt\/wp-json\/wp\/v2\/product\/44540","targetHints":{"allow":["GET"]}}],"collection":[{"href":"https:\/\/busparts.ee\/lt\/wp-json\/wp\/v2\/product"}],"about":[{"href":"https:\/\/busparts.ee\/lt\/wp-json\/wp\/v2\/types\/product"}],"wp:attachment":[{"href":"https:\/\/busparts.ee\/lt\/wp-json\/wp\/v2\/media?parent=44540"}],"wp:term":[{"taxonomy":"product_brand","embeddable":true,"href":"https:\/\/busparts.ee\/lt\/wp-json\/wp\/v2\/product_brand?post=44540"},{"taxonomy":"product_cat","embeddable":true,"href":"https:\/\/busparts.ee\/lt\/wp-json\/wp\/v2\/product_cat?post=44540"},{"taxonomy":"product_tag","embeddable":true,"href":"https:\/\/busparts.ee\/lt\/wp-json\/wp\/v2\/product_tag?post=44540"}],"curies":[{"name":"wp","href":"https:\/\/api.w.org\/{rel}","templated":true}]}}