{"id":54703,"date":"2025-06-14T03:23:36","date_gmt":"2025-06-14T00:23:36","guid":{"rendered":"https:\/\/busparts.ee\/product\/kolmik-y-tuupi-ohutorule-o902x60mm\/"},"modified":"2025-07-01T18:11:01","modified_gmt":"2025-07-01T15:11:01","slug":"kolmik-y-tuupi-ohutorule-o902x60mm","status":"publish","type":"product","link":"https:\/\/busparts.ee\/lt\/toode\/kolmik-y-tuupi-ohutorule-o902x60mm\/","title":{"rendered":"Kolmik, Y-t\u00fc\u00fcpi, \u00f5hutorule \u00d890&gt;2x60mm"},"content":{"rendered":"","protected":false},"excerpt":{"rendered":"","protected":false},"featured_media":54697,"template":"","meta":{"_gspb_post_css":""},"product_brand":[],"product_cat":[5578],"product_tag":[],"class_list":{"0":"post-54703","1":"product","2":"type-product","3":"status-publish","4":"has-post-thumbnail","6":"product_cat-eberspacher","8":"first","9":"onbackorder","10":"taxable","11":"shipping-taxable","12":"purchasable","13":"product-type-simple"},"_links":{"self":[{"href":"https:\/\/busparts.ee\/lt\/wp-json\/wp\/v2\/product\/54703","targetHints":{"allow":["GET"]}}],"collection":[{"href":"https:\/\/busparts.ee\/lt\/wp-json\/wp\/v2\/product"}],"about":[{"href":"https:\/\/busparts.ee\/lt\/wp-json\/wp\/v2\/types\/product"}],"wp:featuredmedia":[{"embeddable":true,"href":"https:\/\/busparts.ee\/lt\/wp-json\/wp\/v2\/media\/54697"}],"wp:attachment":[{"href":"https:\/\/busparts.ee\/lt\/wp-json\/wp\/v2\/media?parent=54703"}],"wp:term":[{"taxonomy":"product_brand","embeddable":true,"href":"https:\/\/busparts.ee\/lt\/wp-json\/wp\/v2\/product_brand?post=54703"},{"taxonomy":"product_cat","embeddable":true,"href":"https:\/\/busparts.ee\/lt\/wp-json\/wp\/v2\/product_cat?post=54703"},{"taxonomy":"product_tag","embeddable":true,"href":"https:\/\/busparts.ee\/lt\/wp-json\/wp\/v2\/product_tag?post=54703"}],"curies":[{"name":"wp","href":"https:\/\/api.w.org\/{rel}","templated":true}]}}