{"id":56149,"date":"2025-06-14T03:32:03","date_gmt":"2025-06-14T00:32:03","guid":{"rendered":"https:\/\/busparts.ee\/product\/hulss-kutusetorule-10x1mm\/"},"modified":"2025-12-18T15:06:21","modified_gmt":"2025-12-18T13:06:21","slug":"hulss-kutusetorule-10x1mm","status":"publish","type":"product","link":"https:\/\/busparts.ee\/lt\/toode\/hulss-kutusetorule-10x1mm\/","title":{"rendered":"H\u00fclss k\u00fctusetorule 10\u00d71mm"},"content":{"rendered":"","protected":false},"excerpt":{"rendered":"","protected":false},"featured_media":56146,"template":"","meta":{"_gspb_post_css":""},"product_brand":[],"product_cat":[5567],"product_tag":[],"class_list":{"0":"post-56149","1":"product","2":"type-product","3":"status-publish","4":"has-post-thumbnail","6":"product_cat-heating","8":"first","9":"onbackorder","10":"taxable","11":"shipping-taxable","12":"purchasable","13":"product-type-simple"},"_links":{"self":[{"href":"https:\/\/busparts.ee\/lt\/wp-json\/wp\/v2\/product\/56149","targetHints":{"allow":["GET"]}}],"collection":[{"href":"https:\/\/busparts.ee\/lt\/wp-json\/wp\/v2\/product"}],"about":[{"href":"https:\/\/busparts.ee\/lt\/wp-json\/wp\/v2\/types\/product"}],"wp:featuredmedia":[{"embeddable":true,"href":"https:\/\/busparts.ee\/lt\/wp-json\/wp\/v2\/media\/56146"}],"wp:attachment":[{"href":"https:\/\/busparts.ee\/lt\/wp-json\/wp\/v2\/media?parent=56149"}],"wp:term":[{"taxonomy":"product_brand","embeddable":true,"href":"https:\/\/busparts.ee\/lt\/wp-json\/wp\/v2\/product_brand?post=56149"},{"taxonomy":"product_cat","embeddable":true,"href":"https:\/\/busparts.ee\/lt\/wp-json\/wp\/v2\/product_cat?post=56149"},{"taxonomy":"product_tag","embeddable":true,"href":"https:\/\/busparts.ee\/lt\/wp-json\/wp\/v2\/product_tag?post=56149"}],"curies":[{"name":"wp","href":"https:\/\/api.w.org\/{rel}","templated":true}]}}