{"id":57569,"date":"2025-06-14T03:40:54","date_gmt":"2025-06-14T00:40:54","guid":{"rendered":"https:\/\/busparts.ee\/product\/polv-polemisohule-plastik-25mm\/"},"modified":"2025-07-01T18:15:32","modified_gmt":"2025-07-01T15:15:32","slug":"polv-polemisohule-plastik-25mm","status":"publish","type":"product","link":"https:\/\/busparts.ee\/lt\/toode\/polv-polemisohule-plastik-25mm\/","title":{"rendered":"P\u00f5lv p\u00f5lemis\u00f5hule plastik \u2013 25mm"},"content":{"rendered":"","protected":false},"excerpt":{"rendered":"","protected":false},"featured_media":57566,"template":"","meta":{"_gspb_post_css":""},"product_brand":[],"product_cat":[5567],"product_tag":[],"class_list":{"0":"post-57569","1":"product","2":"type-product","3":"status-publish","4":"has-post-thumbnail","6":"product_cat-heating","8":"first","9":"onbackorder","10":"taxable","11":"shipping-taxable","12":"purchasable","13":"product-type-simple"},"_links":{"self":[{"href":"https:\/\/busparts.ee\/lt\/wp-json\/wp\/v2\/product\/57569","targetHints":{"allow":["GET"]}}],"collection":[{"href":"https:\/\/busparts.ee\/lt\/wp-json\/wp\/v2\/product"}],"about":[{"href":"https:\/\/busparts.ee\/lt\/wp-json\/wp\/v2\/types\/product"}],"wp:featuredmedia":[{"embeddable":true,"href":"https:\/\/busparts.ee\/lt\/wp-json\/wp\/v2\/media\/57566"}],"wp:attachment":[{"href":"https:\/\/busparts.ee\/lt\/wp-json\/wp\/v2\/media?parent=57569"}],"wp:term":[{"taxonomy":"product_brand","embeddable":true,"href":"https:\/\/busparts.ee\/lt\/wp-json\/wp\/v2\/product_brand?post=57569"},{"taxonomy":"product_cat","embeddable":true,"href":"https:\/\/busparts.ee\/lt\/wp-json\/wp\/v2\/product_cat?post=57569"},{"taxonomy":"product_tag","embeddable":true,"href":"https:\/\/busparts.ee\/lt\/wp-json\/wp\/v2\/product_tag?post=57569"}],"curies":[{"name":"wp","href":"https:\/\/api.w.org\/{rel}","templated":true}]}}