{"id":58462,"date":"2025-06-14T03:46:16","date_gmt":"2025-06-14T00:46:16","guid":{"rendered":"https:\/\/busparts.ee\/product\/hoogkuunala-stutser-b5-s-20-1819\/"},"modified":"2025-07-01T18:17:45","modified_gmt":"2025-07-01T15:17:45","slug":"hoogkuunala-stutser-b5-s-20-1819","status":"publish","type":"product","link":"https:\/\/busparts.ee\/lt\/toode\/hoogkuunala-stutser-b5-s-20-1819\/","title":{"rendered":"H\u00f5\u00f5gk\u00fc\u00fcnala stutser B5 S 20 1819"},"content":{"rendered":"","protected":false},"excerpt":{"rendered":"","protected":false},"featured_media":58459,"template":"","meta":{"_gspb_post_css":""},"product_brand":[],"product_cat":[5567],"product_tag":[],"class_list":{"0":"post-58462","1":"product","2":"type-product","3":"status-publish","4":"has-post-thumbnail","6":"product_cat-heating","8":"first","9":"onbackorder","10":"taxable","11":"shipping-taxable","12":"purchasable","13":"product-type-simple"},"_links":{"self":[{"href":"https:\/\/busparts.ee\/lt\/wp-json\/wp\/v2\/product\/58462","targetHints":{"allow":["GET"]}}],"collection":[{"href":"https:\/\/busparts.ee\/lt\/wp-json\/wp\/v2\/product"}],"about":[{"href":"https:\/\/busparts.ee\/lt\/wp-json\/wp\/v2\/types\/product"}],"wp:featuredmedia":[{"embeddable":true,"href":"https:\/\/busparts.ee\/lt\/wp-json\/wp\/v2\/media\/58459"}],"wp:attachment":[{"href":"https:\/\/busparts.ee\/lt\/wp-json\/wp\/v2\/media?parent=58462"}],"wp:term":[{"taxonomy":"product_brand","embeddable":true,"href":"https:\/\/busparts.ee\/lt\/wp-json\/wp\/v2\/product_brand?post=58462"},{"taxonomy":"product_cat","embeddable":true,"href":"https:\/\/busparts.ee\/lt\/wp-json\/wp\/v2\/product_cat?post=58462"},{"taxonomy":"product_tag","embeddable":true,"href":"https:\/\/busparts.ee\/lt\/wp-json\/wp\/v2\/product_tag?post=58462"}],"curies":[{"name":"wp","href":"https:\/\/api.w.org\/{rel}","templated":true}]}}